{"id":93,"date":"2009-10-07T21:38:57","date_gmt":"2009-10-07T20:38:57","guid":{"rendered":"http:\/\/armanami.org\/blog\/?page_id=93"},"modified":"2009-10-07T21:55:56","modified_gmt":"2009-10-07T20:55:56","slug":"lectsia-1-alfabetlu-armanescu","status":"publish","type":"page","link":"http:\/\/www.armanami.org\/blog\/cultura-armanasca\/cursuri-ti-scriari\/lectsia-1-alfabetlu-armanescu\/","title":{"rendered":"LECTSIA 1 &#8211; ALFABETLU ARM\u00c3NESCU"},"content":{"rendered":"<p><span style=\"color: #666666; font-family: Verdana,Arial,Helvetica,sans-serif; font-size: 12px;\"> <\/span><\/p>\n<h2 style=\"color: #666666; font-family: Verdana,Arial,Helvetica,sans-serif; font-size: 12px;\">LECTSIA 1 &#8211; ALFABETLU ARM\u00c3NESCU<\/h2>\n<p style=\"color: #666666; font-family: Verdana,Arial,Helvetica,sans-serif; font-size: 12px;\">Cu njits al\u00e3xiri, alfabetlu di ma nghios easti atsel pripus tu 1984 di rivista Zborlu a Nostru (Anlu 2, Numirlu 1, Padzina 30). Aestu alfabet fu nsusts\u00e3nut shi di rezolutsiili aduptati la:<br \/>\n(i) Adunarea general\u00e3 a arm\u00e3njlor tsi loar\u00e3 parti la Doilu Cungres Internatsiunal di Limb\u00e3 shi Cultur\u00e3 Arm\u00e3neasc\u00e3 tsi s-ts\u00e3nu dit 25-li tu 28-li di Avgustu, 1988 la Universitatea di Freiburg-Ghirm\u00e3nie shi<span> <\/span><br \/>\n(ii) Simpozionlu tr\u00e3 Standardizarea-a Scriariljei Arm\u00e3neasc\u00e3 tsi s-ts\u00e3nu Bituli-Machidunie, dit 24-li tu 31-lu di Avgustu, 1997.<span> <\/span><br \/>\nCu al\u00e3xirli tsi s-au fapt\u00e3, alfabetlu aduptat di Editura Cartea Arom\u00e3n\u00e3 easti aestu di ma nghios:<br \/>\na, \u00e3, b, c, ch, d, dh, dz, e, f, g, gh, h, i, j, k, l, lj, m, n, nj,<span> <\/span><br \/>\no, p, q, r, s, sh, t, th, ts, u, v, w, x, y, z.<br \/>\nScriarea-a limb\u00e3ljei arm\u00e3n\u00e3 cu aestu alfabet, ari timelj fonetic:<span> <\/span><br \/>\n(i) ti cati son avem un\u00e3 litir\u00e3 simpl\u00e3 i compus\u00e3 (adrat\u00e3 di un\u00e3 combinatsii di dau\u00e3 litiri) shi<span> <\/span><br \/>\n(ii) ti cati litir\u00e3 simpl\u00e3 i compus\u00e3 avem un singur son.<span> <\/span><br \/>\nMa suntu sh-multi exceptsii:<span> <\/span><br \/>\n(i) Idyiul son poati s-hib\u00e3 scriat cu ma multi turlii di litiri simpli i compusi. Bun\u00e3oar\u00e3, idyiul son easti scriat k tu zborlu (di-ar\u00e3zg\u00e3 xean\u00e3) kilogram, c tu zborlu cas\u00e3, shi ch tu zborlu cheatr\u00e3; idyiul son z easti scriat z tu zboar\u00e3 ca zurlu, zbor, zmelciu, etc. shi s tu expresii ca s-ved, s-yin, etc.<br \/>\n(ii) Un\u00e3 singur\u00e3 litir\u00e3, simpl\u00e3 i compus\u00e3, poati si s-pronunts\u00e3 ma multi soi. Bun\u00e3oar\u00e3, litira c s-avdi k tu cas\u00e3 shi palatalizat (muljat) \u00e3n fatsa-al e shi i tu zboar\u00e3li cicior shi ceat\u00e3; litira x tsi s-avdi ca cs tu zboar\u00e3li axescu, al\u00e3xescu, xeani, etc. shi ca gz tu zboar\u00e3li exemplu, existu, etc.; diftondz\u00e3lj oa shi ua (vocal\u00e3 a, semivocal\u00e3 o\/u), au idyiul son.<span> <\/span><br \/>\nCu tuti c\u00e3 tu-aestu cursu va s-aspun\u00e3 regulili di scriari shi pronuntsari tr\u00e3 cati litir\u00e3 aparti, va s-aspunem ma nghios \u00e3ndau\u00e3 zboar\u00e3 di cum easti ufilisit la sistemlu cu cari lu ngr\u00e3psim cursul.<br \/>\nDup\u00e3 grailu a omlui, litira \u00e3 s-avdi, c\u00e3ndu ca rum\u00e3nescul \u00ee\/\u00e2, c\u00e3ndu ca rum\u00e3nescul \u00e3. Aest\u00e3 regul\u00e3 simplific\u00e3 scriarea: f\u00e3rshirotslji au mash sonlu \u00e3, pindenjlji au dau\u00e3li sonuri \u00ee\/\u00e2 shi \u00e3.<span> <\/span><br \/>\nBun\u00e3oar\u00e3, zborlu c\u00e3nt\u00e3 poati si s-avd\u00e3: la pindenj, c\u00eent\u00e3 (cu actsentul tsi cadi pri ultima litir\u00e3 \u00e3; ca tu: el c\u00eent\u00e3 multu aseara), ic\u00e3 c\u00e3nt\u00ee\/c\u00eent\u00ee (cu actsentul tsi cadi pri prota litir\u00e3 \u00e3 ic\u00e3 \u00ee; ca tu: el c\u00e3nt\u00ee\/c\u00eent\u00ee tora) shi la f\u00e3rshirots, c\u00e3nt\u00e3 (cu actsentul tsi cadi pri prota litir\u00e3 \u00e3; ca tu: el lu-ar\u00e3seashti multu tra s-c\u00e3nt\u00e3.<br \/>\nLitira c ari dau\u00e3 sonuri:<br \/>\n(i) c\u00e3ndu nu s-afl\u00e3 n\u00e3intea-a vocalilor e shi i, ca, bun\u00e3oar\u00e3, tu zboar\u00e3li cas\u00e3, cuc, crutsi, etc. s-avdi ca sonlu-al k; ma<br \/>\n(ii) c\u00e3ndu s-afl\u00e3 dinintea-a vocalilor e shi i, sonlu al c s-moalji shi s-avdi ca tu zboar\u00e3li celnic shi cicior.<span> <\/span><br \/>\nTa si s-avd\u00e3 diznou ca sonlu k, c\u00e3ndu s-afl\u00e3 n\u00e3intea-al e shi i, lipseashti s-ufilisim litira compus\u00e3 ch; tr\u00e3 exemplu, zboar\u00e3li cheptu shi chiro s-pronunts\u00e3 keptu shi kiro.<span> <\/span><br \/>\nAfl\u00e3m shi un\u00e3 exceptsie iu ch-lu poati si s-citeasc\u00e3 ca dau\u00e3li litiri pronuntsati ahoryea, c-h. Bun\u00e3oar\u00e3, afl\u00e3m zborlu veclju (chirut tora!) di ar\u00e3zg\u00e3 nturtseasc\u00e3, mechem\u00e9 (tsi va dz\u00e3c\u00e3 tribunal) cari s-pronunts\u00e3 mec-he-m\u00e9, nu s-pronunts\u00e3 me-ke-m\u00e9. Tr-atsea, ma s-afl\u00e3m aht\u00e3ri zboar\u00e3 ma nclo, easti ghini s-li ngr\u00e3psim cu kh, tu loc di ch; va dz\u00e3c\u00e3, zborlu mechem\u00e9 s-hib\u00e3 ngr\u00e3psit mekhem\u00e9.<br \/>\nLitira d poati s-aib\u00e3 doau\u00e3 sonuri:<br \/>\n(i) sonlu latin d ca tu zboar\u00e3li domnu, drac, etc.; shi<br \/>\n(ii) sonlu gr\u00e3tsescu &#8220;dhelta&#8221;, tu ndau\u00e3 zboar\u00e3 mash, ca dal\u00e3, doar\u00e3, dascal, etc.<br \/>\nAest\u00e3 regul\u00e3 simplific\u00e3 scriarea: mults\u00e3 arm\u00e3nj dit Machidunie shi dit Rum\u00e3nie nu au tu limb\u00e3 sonlu &#8220;dhelta&#8221;. Atselj tsi vor s-lu scrii aestu son, va poat\u00e3 s-u fac\u00e3 cu litira compus\u00e3 dh.<span> <\/span><br \/>\nTr\u00e3 exemplu, tu c\u00e3rts\u00e3li publicati la editura-a noastr\u00e3, noi va s-lucr\u00e3m cu-aest\u00e3 regul\u00e3 shi va s\u00e3 ngr\u00e3psim dal\u00e3, doar\u00e3, dascal, etc. shi cititorlu va li pronunts\u00e3 cum va el, dup\u00e3 cum lj-easti grailu-a lui di-acas\u00e3. Mash c\u00e3ndu scriitorlu va s-aspun\u00e3 maxus c\u00e3 d-lu lipseashti si s-avd\u00e3 ca sonlu gr\u00e3tsescu &#8220;dhelta&#8221;, atumtsea zboar\u00e3li di ma nsus va s-hib\u00e3 ngr\u00e3psiti dhal\u00e3, dhoar\u00e3, dhascal, etc.<br \/>\nLitira compus\u00e3 dz s-avdi ca tu zborlu budz\u00e3.<br \/>\nLitira g poati s-aib\u00e3 trei sonuri:<br \/>\n(i) C\u00e3ndu nu s-afl\u00e3 n\u00e3intea-a vocalilor e shi i, s-avdi ca tu zboar\u00e3li g\u00e3ljin\u00e3, gae, grunj, etc.<span> <\/span><br \/>\n(ii) C\u00e3ndu s-afl\u00e3 dinintea-a vocalilor e shi i, sonlu al g s-moalji shi s-avdi ca tu zboar\u00e3li gepi shi gioni.<span> <\/span><br \/>\nTa s-nu s-avd\u00e3 muljat, din\u00e3intea al e shi i, sonlu g easti urmat di litira h; tr\u00e3 exemplu, litira compus\u00e3 gh s-avdi ca tu zboar\u00e3li ghel\u00e3 shi ghini.<span> <\/span><br \/>\n(iii) Regula aest\u00e3 poati s-aib\u00e3 shi un\u00e3 exceptsie: tu ndau\u00e3 graiuri di arm\u00e3nj, sh-tu ma multi zboar\u00e3, litira g (ca tu zboar\u00e3li c\u00e3tigursescu, agalea, gumar, etc.) shi litira compus\u00e3 gh (ca tu zboar\u00e3li ghiftu, Ghirm\u00e3nie, neologhismu, gheneral, etc.) pot s-aib\u00e3, prining\u00e3 sonlu a lor latin g, sh-atsel gr\u00e3tsescu &#8220;ghamma&#8221;. Aest\u00e3 va dz\u00e3c\u00e3 c\u00e3 zboar\u00e3li di ma nsus, va poat\u00e3 s-hib\u00e3 pronuntsati sh-cu latinescul g, sh-cu gr\u00e3tsescul &#8220;ghamma&#8221;, dup?atilde; cum va s-u va cititorlu.<br \/>\nLitira compus\u00e3 lj s-avdi ca tu zboar\u00e3li fumealji, ljepur, etc.<span> <\/span><br \/>\nAvem shi exceptsii, ca zborlu noljucan, bun\u00e3oar\u00e3, iu lj-lu lipseashti pronuntsari ca dau\u00e3 sonuri separati l-j. Putem s-lu ts\u00e3nem aestu zbor ca exceptsie, sh-atumtsea va-l pronunts\u00e3m nol-ju-can, ic\u00e3, multu cama ghini, s-lu-avem tu limb\u00e3 ca nol-gi-can (cum easti aspus ca un\u00e3 variant\u00e3 sh-tu dictsiunarlu al Tachi Papahagi), sh-ashi cum dz\u00e3tsi sh-regula ast\u00e3sit\u00e3 Bituli, tu simpozionlu dit 1997, ca j\/ji-lu s-poat\u00e3 si s\u00e3 scrii (tu ndau\u00e3 zboar\u00e3 iu easti pronuntsat sh-ca gi\/ge) shi cu combinatsia di litiri gi\/ge.<br \/>\nLitira compus\u00e3 nj s-avdi ca tu zboar\u00e3li njari, njel, etc.<span> <\/span><br \/>\nAvem shi exceptsii, ca zboar\u00e3li: conji, junjul\u00e3, h\u00e3njar, hinji, finji, shi njiredz, ic\u00e3 neologhismi ca: aranjamentu, injectsie shi conjunctsie, iu nj-lu lipseashti pronuntsari ca dau\u00e3 sonuri separati n-j. Putem s-li ts\u00e3nem aesti zboar\u00e3 ca exceptsii, sh-atumtsea va li pronunts\u00e3m: con-ji, jun-ju-l\u00e3, h\u00e3n-jar, hin-ji, fin-ji, nji-redz, a-ran-ja-men-tu, in-jec-tsi-e shi con-junc-tsi-e, ic\u00e3, multu cama ghini, s-li-avem tu limb\u00e3 ca con-gi, giun-giu-l\u00e3, h\u00e3n-gear, hin-gi, fin-gi (varianti tsi, cu exceptsia-al congi, li-afl\u00e3m \u00e3ngr\u00e3psiti ashi sh-tu dictsiunarlu al Tachi Papahagi), a-ran-gea-men-tu, in-gec-tsi-e shi con-giunc-tsi-e ashi cum dz\u00e3tsi regula ast\u00e3sit\u00e3 Bituli, tu simpozionlu dit 1997, ca j\/ji-lu s-poat\u00e3 si s\u00e3 scrii (tu ndau\u00e3 zboar\u00e3 iu easti pronuntsat sh-ca gi\/ge) shi cu combinatsia di litiri gi\/ge. Mash zborlu nji-redz, tsi s-avdi n&#8217;ji-redz, un zbor tsi va s-dz\u00e3c\u00e3 &#8220;fac jar&#8221; , va-l ts\u00e3nem ca exceptsii.<br \/>\nLitira compus\u00e3 sh s-avdi ca tu zboar\u00e3li shoput, shishi, etc.<span> <\/span><br \/>\nAvem sh-aoa exceptsii ca zboar\u00e3li ic\u00e3 neologhismili ar\u00e3shirat, ipushisescu (dau zbor), iposhisi, catashisi (sucrestu, sechestru), sholarhiu (liceu), shizm\u00e3 (schizm\u00e3), shez\u00e3 (lig\u00e3tur\u00e3), transhumants\u00e3, dishiintsari shi dish\u00e3mari ic\u00e3 numi ca Voshopoli (Muscopuli), tuti zboar\u00e3 iu sh-lu lipseashti si s-avd\u00e3 ca dau\u00e3 consoani ahoryea, s-h, va dz\u00e3c\u00e3, zboar\u00e3li vor pronuntsari a-r\u00e3s-hi-rat, i-pus-hi-ses-cu, i-pos-hi-si, ca-tas-hisi, s&#8217;ho-lar-hiu, s&#8217;hiz-m\u00e3, s&#8217;he-z\u00e3, trans-hu-man-ts\u00e3, dis-hi-in-tsedz, dis-h\u00e3-ma-ri shi Vos-ho-po-li; nu s-pronunts\u00e3 a-r\u00e3-shi-rat, i-pu-shi-ses-cu, i-po-shi-si, ca-ta-shi-si, sho-lar-hiu, shiz-m\u00e3, she-z\u00e3, tran-shu-man-ts\u00e3, di-shi-in-tsedz, di-sh\u00e3-ma-ri shi Vo-sho-po-li.<span> <\/span><br \/>\nLa simpozionlu di Bituli dit 1997, s-ast\u00e3si regula ca:<span> <\/span><br \/>\n(i) zboar\u00e3li: ipushisescu, iposhisi, catashisi shi sholarhiu, zboar\u00e3 veclji tsi suntu cunuscuti, poati, mash tu graili dit Gr\u00e3tsie, si s\u00e3 scoat\u00e3 dit limb\u00e3 shi s-nu mata hib\u00e3 b\u00e3gati tu dictsionarlu arm\u00e3nescu;<br \/>\n(ii) zboar\u00e3li: shizm\u00e3, shez\u00e3 shi Voshopoli si s\u00e3 s-scrii: schizm\u00e3, schez\u00e3 shi Voscopoli; sh-tu soni,<br \/>\n(iii) neologhismi shi derivati di-a lor ca: transhumants\u00e3, dishiintsari shi dish\u00e3mari s-arm\u00e3n\u00e3, tr\u00e3 tora di oar\u00e3, ca exceptsii.<br \/>\nLitira t poati s-aib\u00e3 doau\u00e3 sonuri:<br \/>\n(i) sonlu latin t ca tu zboar\u00e3li tinir, trup, etc.; shi<br \/>\n(ii) sonlu gr\u00e3tsescu &#8220;theta&#8221;, tu ndau\u00e3 zboar\u00e3 mash, ca cati, timelj, pirmit, etc.<span> <\/span><br \/>\nAest\u00e3 regul\u00e3 simplific\u00e3 scriarea: mults\u00e3 arm\u00e3nj dit Machidunie shi dit Rum\u00e3nie nu au tu limb\u00e3 sonlu &#8220;theta&#8221;. Atselj tsi vor s-lu scrii aestu son, va poat\u00e3 s-u fac\u00e3 cu litira compus\u00e3 th.<span> <\/span><br \/>\nBun\u00e3oar\u00e3, noi va s\u00e3 ngr\u00e3psim cati, timelj, pirmit, etc. shi cititorlu va li pronunts\u00e3 cum va el. Mash c\u00e3ndu autorlu va s-aspun\u00e3 maxus, c\u00e3 t-lu lipseashti si s-avd\u00e3 ca sonlu gr\u00e3tsescu &#8220;theta&#8221;, atumtsea, zboar\u00e3li di ma nsus va li ngr\u00e3psim cathi, thimelj, pirmith, etc.<span> <\/span><br \/>\nMa avem shi exceptsii. Tu ndau\u00e3 zboar\u00e3, litira compus\u00e3 th, cari normal s-pronunts\u00e3 ca sonlu gr\u00e3tsescu &#8220;theta&#8221;, s-avdi ca dau\u00e3li sonuri t-h pronuntsati ahoryea; ashi bun\u00e3oar\u00e3, zboar\u00e3li bathava, fitheau\u00e3 (ayit\u00e3 tinir\u00e3) shi alithea s-pronunts\u00e3 bat-ha-va, fit-hea-u\u00e3 shi a-lit-hea (i a-lith-hea); tu treili zboar\u00e3 di ma nsus, th-lu nu s-pronunts\u00e3 &#8220;theta&#8221;.<br \/>\nLitira compus\u00e3 ts va s-avd\u00e3 ca tu zboar\u00e3li tsiva, frats, tsin\u00e3.<span> <\/span><br \/>\nAvem sh-aoa un\u00e3 exceptsie ca zborlu Ghetsimani iu ts-lu lipseashti si s-avd\u00e3 ca dau\u00e3 litiri pronuntsati ahoryea, t-s, va dz\u00e3c\u00e3, zborlu s-pronunts\u00e3 Ghet-si-ma-ni; nu s-pronunts\u00e3 Ghe-tsi-ma-ni. Aestu zbor va-l ts\u00e3nem ca un\u00e3 exceptsie.<span> <\/span><br \/>\nAh\u00e3rzeashti s-aspunem aoa shi zboar\u00e3li bitsi, girimitsi, hiritsi, mirimitsi shi num\u00e3tsi (tsi yin di la verbili bitsescu\/bitisescu, girimitsescu\/girimitisescu, hiritsescu\/hiritisescu, mirimitsescu\/mirimitisescu shi num\u00e3tsescu\/num\u00e3tisescu) cari pot si s-pronunts\u00e3 shi (i) bi-tsi, gi-ri-mi-tsi, hi-ri-tsi, mi-ri-mi-tsi shi nu-m\u00e3-tsi; ma pot si s-pronunts\u00e3 shi (ii) bit-si, gi-ri-mit-si, hi-rit-si, mi-ri-mit-si shi nu-m\u00e3t-si shi bit-si; shi, cu forma-atsea lung\u00e3 di (iii) bi-ti-si, gi-ri-mi-ti-si, hi-ri-ti-si, mi-ri-mi-ti-si shi nu-m\u00e3-ti-si. Aesti zboar\u00e3 va li ngr\u00e3psim bitsi\/bitisi, girimitsi\/ girimitisi, hiritsi\/hiritisi, mirimitsi\/mirimitisi shi num\u00e3tsi\/num\u00e3tisi sh-va s-al\u00e3s\u00e3m cititorlu s-li pronunts\u00e3 ashi cum va s-va el!<br \/>\nLitira x, ari dau\u00e3 sonuri. Poati si s-avd\u00e3:<br \/>\n(i) cs, ca tu zboar\u00e3li axescu, al\u00e3xescu, xeani, etc. ic\u00e3<span> <\/span><br \/>\n(ii) gz, ca tu zboar\u00e3li exemplu, existu, etc.<span> <\/span><br \/>\nTu c\u00e3rts\u00e3li-a editur\u00e3ljei va li ngr\u00e3psim di ma multili ori cu x; mash c\u00e3tiv\u00e3r\u00e3oar\u00e3, c\u00e3ndu nu shtim cum s-f\u00e3tsem (c\u00e3 scriarea-a zborlui nu easti ast\u00e3sit\u00e3 ninga, shi aspus\u00e3 tu dictsiunar), va li scriem ic\u00e3 cu cs ic\u00e3 cu gz.<br \/>\nLitira y ari trei sonuri:<br \/>\n(i) ari prota sonlu gr\u00e3tsescu &#8220;ghamma&#8221;, tu zboar\u00e3li arm\u00e3neshti, c\u00e3ndu s-afl\u00e3 n\u00e3intea-a vocalilor e shi i; shi<br \/>\n(ii) di multi ori, tu ndau\u00e3 grai arm\u00e3neshti, litira y poati si s-avd\u00e3 sh-ca semivocala i.<span> <\/span><br \/>\nAshi avem, ca exemplu, zboar\u00e3li: yin, yis, yinghits, yermu, m\u00e3yistr\u00e3, etc. iu litira y s-pronunts\u00e3 ca sonlu gr\u00e3tsescu &#8220;ghamma&#8221; sh-cari tu ndau\u00e3 grai arm\u00e3neshti s-pronunts\u00e3 shi ca sonlu latinescu i ca: in, is, inghits, ermu, m\u00e3istr\u00e3, etc.<span> <\/span><br \/>\n(iii) Tu numili ic\u00e3 zboar\u00e3li xeani, ca York, Young, Yale, Peyfuss, bun\u00e3oar\u00e3, s-avdi ca vocala ic\u00e3 semivocala i, va dz\u00e3c\u00e3, zboar\u00e3li xeani di ma nsus va si s-pronunts\u00e3: Iorc, Iong, Ieil, Paifus, etc.<br \/>\nAproapea tuts arm\u00e3njlji cari scriu arm\u00e3neashti cu un alfabet f\u00e3r\u00e3 seamni diacrititsi (afoar\u00e3 di litira \u00e3), u fac cu-alfabetlu di ma nsus. Ma avem sh-alts\u00e3 arm\u00e3nj tr\u00e3 cari sonlu gr\u00e3tsescu ghamma shi scrii totna y, sh-c\u00e3ndu s-afl\u00e3 dinintea-a sonlui i ic\u00e3 a sonlui e (c\u00e3ndu lu scriem sh-noi y), sh-c\u00e3ndu s-afl\u00e3 n\u00e3intea-a unui altu son (c\u00e3ndu noi lu scriem g, ic\u00e3 gh).<\/p>\n<p style=\"color: #666666; font-family: Verdana,Arial,Helvetica,sans-serif; font-size: 12px;\" align=\"left\">\n<hr size=\"1\" noshade=\"noshade\" \/>\n<p style=\"color: #666666; font-family: Verdana,Arial,Helvetica,sans-serif; font-size: 12px;\" align=\"left\"><strong>CURSU DI SCRIARI ARM\u00c3NEASC\u00c3<\/strong><br \/>\ndup\u00e3 Regulili Ast\u00e3siti la Simpozionlu di Standardizari a Scriariljei<br \/>\nArm\u00e3neasc\u00e3 di Bituli, Avgustu, 1997<\/p>\n<p style=\"color: #666666; font-family: Verdana,Arial,Helvetica,sans-serif; font-size: 12px;\" align=\"left\">anyrapsit di<strong><span> <\/span>TIBERIUS CUNIA<\/strong><\/p>\n","protected":false},"excerpt":{"rendered":"<p>LECTSIA 1 &#8211; ALFABETLU ARM\u00c3NESCU Cu njits al\u00e3xiri, alfabetlu di ma nghios easti atsel pripus tu 1984 di rivista Zborlu a Nostru (Anlu 2, Numirlu 1, Padzina 30). Aestu alfabet fu nsusts\u00e3nut shi di rezolutsiili aduptati la: (i) Adunarea general\u00e3 a arm\u00e3njlor tsi loar\u00e3 parti la Doilu Cungres Internatsiunal di Limb\u00e3 shi Cultur\u00e3 Arm\u00e3neasc\u00e3 tsi [&hellip;]<\/p>\n","protected":false},"author":1,"featured_media":0,"parent":14,"menu_order":2,"comment_status":"open","ping_status":"open","template":"","meta":{"_monsterinsights_skip_tracking":false,"_monsterinsights_sitenote_active":false,"_monsterinsights_sitenote_note":"","_monsterinsights_sitenote_category":0,"footnotes":""},"class_list":["post-93","page","type-page","status-publish","hentry"],"yoast_head":"<!-- This site is optimized with the Yoast SEO plugin v25.4 - https:\/\/yoast.com\/wordpress\/plugins\/seo\/ -->\n<title>LECTSIA 1 - ALFABETLU ARM\u00c3NESCU - TRA ARMANAMI<\/title>\n<meta name=\"robots\" content=\"index, follow, max-snippet:-1, max-image-preview:large, max-video-preview:-1\" \/>\n<link rel=\"canonical\" href=\"http:\/\/www.armanami.org\/blog\/cultura-armanasca\/cursuri-ti-scriari\/lectsia-1-alfabetlu-armanescu\/\" \/>\n<meta property=\"og:locale\" content=\"en_US\" \/>\n<meta property=\"og:type\" content=\"article\" \/>\n<meta property=\"og:title\" content=\"LECTSIA 1 - ALFABETLU ARM\u00c3NESCU - TRA ARMANAMI\" \/>\n<meta property=\"og:description\" content=\"LECTSIA 1 &#8211; ALFABETLU ARM\u00c3NESCU Cu njits al\u00e3xiri, alfabetlu di ma nghios easti atsel pripus tu 1984 di rivista Zborlu a Nostru (Anlu 2, Numirlu 1, Padzina 30). Aestu alfabet fu nsusts\u00e3nut shi di rezolutsiili aduptati la: (i) Adunarea general\u00e3 a arm\u00e3njlor tsi loar\u00e3 parti la Doilu Cungres Internatsiunal di Limb\u00e3 shi Cultur\u00e3 Arm\u00e3neasc\u00e3 tsi [&hellip;]\" \/>\n<meta property=\"og:url\" content=\"http:\/\/www.armanami.org\/blog\/cultura-armanasca\/cursuri-ti-scriari\/lectsia-1-alfabetlu-armanescu\/\" \/>\n<meta property=\"og:site_name\" content=\"TRA ARMANAMI\" \/>\n<meta property=\"article:modified_time\" content=\"2009-10-07T20:55:56+00:00\" \/>\n<meta name=\"twitter:card\" content=\"summary_large_image\" \/>\n<meta name=\"twitter:label1\" content=\"Est. reading time\" \/>\n\t<meta name=\"twitter:data1\" content=\"10 minutes\" \/>\n<script type=\"application\/ld+json\" class=\"yoast-schema-graph\">{\"@context\":\"https:\/\/schema.org\",\"@graph\":[{\"@type\":\"WebPage\",\"@id\":\"http:\/\/www.armanami.org\/blog\/cultura-armanasca\/cursuri-ti-scriari\/lectsia-1-alfabetlu-armanescu\/\",\"url\":\"http:\/\/www.armanami.org\/blog\/cultura-armanasca\/cursuri-ti-scriari\/lectsia-1-alfabetlu-armanescu\/\",\"name\":\"LECTSIA 1 - ALFABETLU ARM\u00c3NESCU - TRA ARMANAMI\",\"isPartOf\":{\"@id\":\"http:\/\/www.armanami.org\/blog\/#website\"},\"datePublished\":\"2009-10-07T20:38:57+00:00\",\"dateModified\":\"2009-10-07T20:55:56+00:00\",\"breadcrumb\":{\"@id\":\"http:\/\/www.armanami.org\/blog\/cultura-armanasca\/cursuri-ti-scriari\/lectsia-1-alfabetlu-armanescu\/#breadcrumb\"},\"inLanguage\":\"en-US\",\"potentialAction\":[{\"@type\":\"ReadAction\",\"target\":[\"http:\/\/www.armanami.org\/blog\/cultura-armanasca\/cursuri-ti-scriari\/lectsia-1-alfabetlu-armanescu\/\"]}]},{\"@type\":\"BreadcrumbList\",\"@id\":\"http:\/\/www.armanami.org\/blog\/cultura-armanasca\/cursuri-ti-scriari\/lectsia-1-alfabetlu-armanescu\/#breadcrumb\",\"itemListElement\":[{\"@type\":\"ListItem\",\"position\":1,\"name\":\"Home\",\"item\":\"http:\/\/www.armanami.org\/blog\/\"},{\"@type\":\"ListItem\",\"position\":2,\"name\":\"Cultura armaneasca\",\"item\":\"http:\/\/www.armanami.org\/blog\/cultura-armanasca\/\"},{\"@type\":\"ListItem\",\"position\":3,\"name\":\"Cursuri ti scriari\",\"item\":\"http:\/\/www.armanami.org\/blog\/cultura-armanasca\/cursuri-ti-scriari\/\"},{\"@type\":\"ListItem\",\"position\":4,\"name\":\"LECTSIA 1 &#8211; ALFABETLU ARM\u00c3NESCU\"}]},{\"@type\":\"WebSite\",\"@id\":\"http:\/\/www.armanami.org\/blog\/#website\",\"url\":\"http:\/\/www.armanami.org\/blog\/\",\"name\":\"TRA ARMANAMI\",\"description\":\"Habari di la armanj luati sh&#039;la armanj dati\",\"potentialAction\":[{\"@type\":\"SearchAction\",\"target\":{\"@type\":\"EntryPoint\",\"urlTemplate\":\"http:\/\/www.armanami.org\/blog\/?s={search_term_string}\"},\"query-input\":{\"@type\":\"PropertyValueSpecification\",\"valueRequired\":true,\"valueName\":\"search_term_string\"}}],\"inLanguage\":\"en-US\"}]}<\/script>\n<!-- \/ Yoast SEO plugin. -->","yoast_head_json":{"title":"LECTSIA 1 - ALFABETLU ARM\u00c3NESCU - TRA ARMANAMI","robots":{"index":"index","follow":"follow","max-snippet":"max-snippet:-1","max-image-preview":"max-image-preview:large","max-video-preview":"max-video-preview:-1"},"canonical":"http:\/\/www.armanami.org\/blog\/cultura-armanasca\/cursuri-ti-scriari\/lectsia-1-alfabetlu-armanescu\/","og_locale":"en_US","og_type":"article","og_title":"LECTSIA 1 - ALFABETLU ARM\u00c3NESCU - TRA ARMANAMI","og_description":"LECTSIA 1 &#8211; ALFABETLU ARM\u00c3NESCU Cu njits al\u00e3xiri, alfabetlu di ma nghios easti atsel pripus tu 1984 di rivista Zborlu a Nostru (Anlu 2, Numirlu 1, Padzina 30). Aestu alfabet fu nsusts\u00e3nut shi di rezolutsiili aduptati la: (i) Adunarea general\u00e3 a arm\u00e3njlor tsi loar\u00e3 parti la Doilu Cungres Internatsiunal di Limb\u00e3 shi Cultur\u00e3 Arm\u00e3neasc\u00e3 tsi [&hellip;]","og_url":"http:\/\/www.armanami.org\/blog\/cultura-armanasca\/cursuri-ti-scriari\/lectsia-1-alfabetlu-armanescu\/","og_site_name":"TRA ARMANAMI","article_modified_time":"2009-10-07T20:55:56+00:00","twitter_card":"summary_large_image","twitter_misc":{"Est. reading time":"10 minutes"},"schema":{"@context":"https:\/\/schema.org","@graph":[{"@type":"WebPage","@id":"http:\/\/www.armanami.org\/blog\/cultura-armanasca\/cursuri-ti-scriari\/lectsia-1-alfabetlu-armanescu\/","url":"http:\/\/www.armanami.org\/blog\/cultura-armanasca\/cursuri-ti-scriari\/lectsia-1-alfabetlu-armanescu\/","name":"LECTSIA 1 - ALFABETLU ARM\u00c3NESCU - TRA ARMANAMI","isPartOf":{"@id":"http:\/\/www.armanami.org\/blog\/#website"},"datePublished":"2009-10-07T20:38:57+00:00","dateModified":"2009-10-07T20:55:56+00:00","breadcrumb":{"@id":"http:\/\/www.armanami.org\/blog\/cultura-armanasca\/cursuri-ti-scriari\/lectsia-1-alfabetlu-armanescu\/#breadcrumb"},"inLanguage":"en-US","potentialAction":[{"@type":"ReadAction","target":["http:\/\/www.armanami.org\/blog\/cultura-armanasca\/cursuri-ti-scriari\/lectsia-1-alfabetlu-armanescu\/"]}]},{"@type":"BreadcrumbList","@id":"http:\/\/www.armanami.org\/blog\/cultura-armanasca\/cursuri-ti-scriari\/lectsia-1-alfabetlu-armanescu\/#breadcrumb","itemListElement":[{"@type":"ListItem","position":1,"name":"Home","item":"http:\/\/www.armanami.org\/blog\/"},{"@type":"ListItem","position":2,"name":"Cultura armaneasca","item":"http:\/\/www.armanami.org\/blog\/cultura-armanasca\/"},{"@type":"ListItem","position":3,"name":"Cursuri ti scriari","item":"http:\/\/www.armanami.org\/blog\/cultura-armanasca\/cursuri-ti-scriari\/"},{"@type":"ListItem","position":4,"name":"LECTSIA 1 &#8211; ALFABETLU ARM\u00c3NESCU"}]},{"@type":"WebSite","@id":"http:\/\/www.armanami.org\/blog\/#website","url":"http:\/\/www.armanami.org\/blog\/","name":"TRA ARMANAMI","description":"Habari di la armanj luati sh&#039;la armanj dati","potentialAction":[{"@type":"SearchAction","target":{"@type":"EntryPoint","urlTemplate":"http:\/\/www.armanami.org\/blog\/?s={search_term_string}"},"query-input":{"@type":"PropertyValueSpecification","valueRequired":true,"valueName":"search_term_string"}}],"inLanguage":"en-US"}]}},"_links":{"self":[{"href":"http:\/\/www.armanami.org\/blog\/wp-json\/wp\/v2\/pages\/93","targetHints":{"allow":["GET"]}}],"collection":[{"href":"http:\/\/www.armanami.org\/blog\/wp-json\/wp\/v2\/pages"}],"about":[{"href":"http:\/\/www.armanami.org\/blog\/wp-json\/wp\/v2\/types\/page"}],"author":[{"embeddable":true,"href":"http:\/\/www.armanami.org\/blog\/wp-json\/wp\/v2\/users\/1"}],"replies":[{"embeddable":true,"href":"http:\/\/www.armanami.org\/blog\/wp-json\/wp\/v2\/comments?post=93"}],"version-history":[{"count":4,"href":"http:\/\/www.armanami.org\/blog\/wp-json\/wp\/v2\/pages\/93\/revisions"}],"predecessor-version":[{"id":121,"href":"http:\/\/www.armanami.org\/blog\/wp-json\/wp\/v2\/pages\/93\/revisions\/121"}],"up":[{"embeddable":true,"href":"http:\/\/www.armanami.org\/blog\/wp-json\/wp\/v2\/pages\/14"}],"wp:attachment":[{"href":"http:\/\/www.armanami.org\/blog\/wp-json\/wp\/v2\/media?parent=93"}],"curies":[{"name":"wp","href":"https:\/\/api.w.org\/{rel}","templated":true}]}}