{"id":3,"date":"2009-10-06T11:09:31","date_gmt":"2009-10-06T10:09:31","guid":{"rendered":"http:\/\/armanami.org\/blog\/?page_id=3"},"modified":"2013-08-18T19:44:07","modified_gmt":"2013-08-18T18:44:07","slug":"sutsati","status":"publish","type":"page","link":"http:\/\/www.armanami.org\/blog\/sutsati\/","title":{"rendered":"Sutsati"},"content":{"rendered":"<p><a name=\"top\"><\/a>Aflats aua una list\u00e2 a sutsatilor arm\u00e2neshts\u00e2 dit:<\/p>\n<p><a href=\"#A1\">Amer\u00e3chii<\/a><br \/>\n<a href=\"#A2\">Arbinishii<\/a><br \/>\n<a href=\"#A3\">Australii<\/a><br \/>\n<a href=\"#F\">Fr\u00e2ntsii<\/a><br \/>\n<a href=\"#G1\">G\u00e2rtsii<\/a><br \/>\n<a href=\"#G2\">Gherm\u00e2nii<\/a><br \/>\n<a href=\"#M\">Machidunii<\/a><br \/>\n<a href=\"#R\">Rom\u00e2nii<\/a><br \/>\n<a href=\"#V\">Vary\u00e2rii<\/a><\/p>\n<h4><strong><a name=\"A1\"><\/a>Sutsati arm\u00e2neshts\u00e2 dit <\/strong>Amer\u00e3chii<\/h4>\n<p><strong class=\"header\">Society Farsarotul<\/strong><br \/>\nPrezidentu: Andrea Colimitra<br \/>\nVice-prezidentu: Wiliam D. Balamaci<br \/>\nSecretar: <a href=\"mailto:secretary@farsarotul.org\">Nicholas S. Balamaci<\/a><br \/>\nP.O. Box 753<br \/>\nTrumbull, CT 06611 USA<\/p>\n<p>Internet: <a href=\"http:\/\/www.farsarotul.org\/\">Society Farsarotul Home<\/a><\/p>\n<h4><strong><a name=\"A2\"><\/a>Sutsati arm\u00e2neshts\u00e2 dit Arbinishii<\/strong><\/h4>\n<p><strong class=\"header\">Sutsata &#8220;Armanjlji dit Albani&#8221;<\/strong><br \/>\nPrezidentu: Vangjel SHUNDI<\/p>\n<p>Secretar ghineral: Robert Collaku<br \/>\nTirana, Arbinishii<br \/>\nTel. +355 4 234764<br \/>\nE-mail: <a href=\"mailto:Jani_Gusho@yahoo.it\">Jani Gusho<\/a><\/p>\n<h4><strong><a name=\"A3\"><\/a>Sutsati arm\u00e2neshts\u00e2 dit Australii<\/strong><\/h4>\n<p><strong class=\"header\">Macedo-armanj Community of Australia Inc.<\/strong><br \/>\nPrezidentu: Nicu al Cheaici<br \/>\n3 Pacific Street<br \/>\nCarimbach, Sydney<br \/>\nN.S.W. 2229 Australia<br \/>\nTel. +61 (2) 9525 5038<\/p>\n<p><strong class=\"header\">Vlach Association of Australia<\/strong><br \/>\n12 Cramer Street<br \/>\nPreston vic 3072<br \/>\nMelbourne, Australia<br \/>\nTel. +61 (3) 9471 0102<\/p>\n<h4><strong><a name=\"F\"><\/a>Sutsati arm\u00e2neshts\u00e2 dit Fr\u00e3ntsii<\/strong><\/h4>\n<p><strong class=\"header\">A.F.A. &#8211; Association des Fran\u00e7ais Aroumains<\/strong><br \/>\nPrezidentu: Ing. Iancu Perifan<br \/>\nSecretar: Nelu Puznava<br \/>\n73, rue Galande<br \/>\n75005 Paris, Fr\u00e3ntsii<\/p>\n<p>Tel. +33 (1) 45722570<br \/>\nFax. +33 (1) 45722569<\/p>\n<h4><strong><a name=\"G1\"><\/a>Sutsati arm\u00e2neshts\u00e2 dit G\u00e2rtsii<\/strong><\/h4>\n<p><strong class=\"header\">Sutsata Vlahilor\/Armanjilor di Shtiintsa ditu G\u00e2rtsii<\/strong><br \/>\nFrangon 13<\/p>\n<p>GR-54626 Thessaloniki<br \/>\nTel. +30 (31) 550735<br \/>\nFax. +30 (31) 534755<\/p>\n<p><strong class=\"header\">Sutsata Vlahilor\/Armanjilor di Veria<\/strong><br \/>\nVerois &amp; Evreon Martiron 1<\/p>\n<p>Zip Code: 59100<br \/>\nTel.: +30 23310 64315<br \/>\nFax.: +30 23310 75767 &amp; 65764<br \/>\nE-mail: vlahoi@otenet.gr<br \/>\nInternet : <a href=\"http:\/\/www.vlahoi.gr\/\" target=\"_blank\">http:\/\/www.vlahoi.gr\/<\/a><\/p>\n<h4><strong><a name=\"G2\"><\/a>Sutsati arm\u00e2neshts\u00e2 dit Gherm\u00e3nii<\/strong><\/h4>\n<p><strong class=\"header\">UMG &#8211; Uniunea Makedonarm\u00e2njiloru ditu Ghirm\u00e2nie<\/strong><br \/>\nPrezidentu: Iancu Puznava<br \/>\nFrihindorfstr.1<br \/>\nD &#8211; 81247 M\u00fcnchen.<\/p>\n<p>Gherm\u00e3ni<br \/>\nTel. +49 (89) 5478 2767<\/p>\n<h4><strong><a name=\"M\"><\/a>Sutsati arm\u00e2neshts\u00e2 dit Machidunii<\/strong><\/h4>\n<p><strong class=\"header\">Comuna Armaneasca &#8220;Fratslji Manaki&#8221;-Bituli<\/strong><\/p>\n<p>Prezidentu: Nico Pop Nikola<br \/>\nul. Klument Ohridski bb<br \/>\nBitola, Makedonija<br \/>\nTel.:Fax +389-97-229-014<\/p>\n<p><strong class=\"header\">Uniea ti Cultura-a armanjlor dit Machidunii<\/strong><\/p>\n<p>Prezidentu: Dina Cuvata<br \/>\nBul. &#8220;Jane Sandanski&#8221; 77\/3-39<br \/>\nSkopje, Makedonija<br \/>\nTel.:Fax +389-91 447-345<br \/>\nE-mail: <a href=\"mailto:cuvataUCAM@k.ro\">Dina Cuvata<\/a><\/p>\n<p><strong class=\"header\">Uniea Humanitara-Armaneasca &#8211; Lutsita Sta-Marii<br \/>\n<\/strong><br \/>\nPrezidentu: Mitre Nicolov<br \/>\nSecretar: Vanghea Nicolova-Radevsca<br \/>\nBul. &#8220;Jane Sandanski&#8221; 77\/3-39<br \/>\nSkopje, Makedonija<br \/>\nTel.:Fax +389-91 447-345<\/p>\n<p><strong class=\"header\">Sutsata Italicheasca-Armaneasca ti colaboratsii culturala<br \/>\n<\/strong><br \/>\nPrezidentu: Afrodita Tosili<br \/>\nul. Puskinova br. 1\/II-26<br \/>\nSkopje, Makedonija<br \/>\nTel.:Fax +389-91 227 018<\/p>\n<p><strong class=\"header\">Liga a Armanjlor <\/strong><\/p>\n<p>Prezidentu: Mitko Kostov<br \/>\nSava Kovacevic 3\/7<br \/>\nSkopje, Makedonija<br \/>\nTel.:Fax +389-91 230 665<\/p>\n<p><strong class=\"header\">Sutsata di poets armanj di Skopje <\/strong><br \/>\nVangia Mihanj-Steriu<\/p>\n<p>Lazo Moskov nr. 2\/IV-6<br \/>\nSkopje, Makedonija<br \/>\nTel.:Fax +389-91 624 387<\/p>\n<p><strong class=\"header\">Sutsata Armaneasca &#8220;Moscopole&#8221;-Skopia<\/strong><br \/>\nPrezidentu: Taki Hadzilega<br \/>\nSkopje, Makedonija<\/p>\n<p>Tel.:Fax +389-91 217 964<\/p>\n<p><strong class=\"header\">Sutsata a muljerilor armani ditu Machedonii-Skopia<\/strong><br \/>\nPrezidentu: Elena Papacafa<br \/>\nSkopje, Makedonija<br \/>\nTel.:Fax +389-91 227 353<\/p>\n<h4><strong><a name=\"R\"><\/a>Sutsati arm\u00e2neshts\u00e2 dit Rom\u00e2nii<\/strong><\/h4>\n<p><strong class=\"header\">Sutsata Culturala Aromana <\/strong><br \/>\nPrezidentu: Kiratsa Gheorghe<br \/>\nstr. Vasile Lascar nr.26-28, sector 2, Bucureshti, Romania<br \/>\nTel. +40 94 581015<br \/>\nTel. +40 92 408198<br \/>\n<a href=\"mailto:sutsata@yahoo.com\">sutsata@yahoo.com<\/a><br \/>\n<a href=\"http:\/\/www.aromanii.ro\/\">http:\/\/www.aromanii.ro\/<\/a><\/p>\n<p><strong class=\"header\">Organizatsia Tinirlor Armanj dit Romania<\/strong><br \/>\nPrezidentu: Mariana Caciandoni<br \/>\nVice-prezidentu: Julian Batsu<br \/>\nStr. Traian nr 40<br \/>\n8700 Constanta, Romania<br \/>\nTel\/Fax +40 41 613995<\/p>\n<p>E-mail: <a href=\"mailto:mcaciandoni@hotmail.com\">OTAR<\/a><\/p>\n<h4><strong><a name=\"V\"><\/a>Sutsati arm\u00e2neshts\u00e2 dit V\u00e2ry\u00e2ri<\/strong><\/h4>\n<p><strong class=\"header\">Sutsata Armanjlor di Sofia<\/strong><br \/>\nSecretar: Toma Kiurciev<br \/>\nStr. Kniaz Boris I no. 136<\/p>\n<p>1000 Sofia, Bulgaria<br \/>\nTel. +359 2 893133<\/p>\n<p><strong class=\"header\">Sutsata Armanjlor di Dupnitza<\/strong><br \/>\nSecretar: Nicola Iancov Kostov<br \/>\nPatriarh Eftimi no. 88 Ap.12<br \/>\n2600 Dupnitza, Bulgaria<\/p>\n<p>Tel. +359 701 24816<\/p>\n<p><strong class=\"header\">Sutsata Armanjlor di Peshtera<\/strong><br \/>\nPrezidentu: Dr. Tashko Gheorghiev Tikov<br \/>\nSecretar: Gheorghi Holianow<br \/>\nobl. Pazardjishka<br \/>\nul. Atanas Garov no.7<\/p>\n<p>Peshtera, Bulgaria<br \/>\nTel. +359 350 2424; 2093<\/p>\n<p><strong class=\"header\">Sutsata Armanjlor di Veligrad<\/strong><br \/>\nPrezidentu: Vasil Ianakiev<br \/>\nBul. Sedinenie no. 89<br \/>\n4600 Velingrad, Bulgaria<\/p>\n<p>Tel. +359 359 23341<br \/>\nFax +359 359 29873<\/p>\n","protected":false},"excerpt":{"rendered":"<p>Aflats aua una list\u00e2 a sutsatilor arm\u00e2neshts\u00e2 dit: Amer\u00e3chii Arbinishii Australii Fr\u00e2ntsii G\u00e2rtsii Gherm\u00e2nii Machidunii Rom\u00e2nii Vary\u00e2rii Sutsati arm\u00e2neshts\u00e2 dit Amer\u00e3chii Society Farsarotul Prezidentu: Andrea Colimitra Vice-prezidentu: Wiliam D. Balamaci Secretar: Nicholas S. Balamaci P.O. Box 753 Trumbull, CT 06611 USA Internet: Society Farsarotul Home Sutsati arm\u00e2neshts\u00e2 dit Arbinishii Sutsata &#8220;Armanjlji dit Albani&#8221; Prezidentu: Vangjel [&hellip;]<\/p>\n","protected":false},"author":1,"featured_media":0,"parent":0,"menu_order":0,"comment_status":"open","ping_status":"open","template":"","meta":{"_monsterinsights_skip_tracking":false,"_monsterinsights_sitenote_active":false,"_monsterinsights_sitenote_note":"","_monsterinsights_sitenote_category":0,"footnotes":""},"class_list":["post-3","page","type-page","status-publish","hentry"],"yoast_head":"<!-- This site is optimized with the Yoast SEO plugin v25.4 - https:\/\/yoast.com\/wordpress\/plugins\/seo\/ -->\n<title>Sutsati - TRA ARMANAMI<\/title>\n<meta name=\"robots\" content=\"index, follow, max-snippet:-1, max-image-preview:large, max-video-preview:-1\" \/>\n<link rel=\"canonical\" href=\"http:\/\/www.armanami.org\/blog\/sutsati\/\" \/>\n<meta property=\"og:locale\" content=\"en_US\" \/>\n<meta property=\"og:type\" content=\"article\" \/>\n<meta property=\"og:title\" content=\"Sutsati - TRA ARMANAMI\" \/>\n<meta property=\"og:description\" content=\"Aflats aua una list\u00e2 a sutsatilor arm\u00e2neshts\u00e2 dit: Amer\u00e3chii Arbinishii Australii Fr\u00e2ntsii G\u00e2rtsii Gherm\u00e2nii Machidunii Rom\u00e2nii Vary\u00e2rii Sutsati arm\u00e2neshts\u00e2 dit Amer\u00e3chii Society Farsarotul Prezidentu: Andrea Colimitra Vice-prezidentu: Wiliam D. Balamaci Secretar: Nicholas S. Balamaci P.O. Box 753 Trumbull, CT 06611 USA Internet: Society Farsarotul Home Sutsati arm\u00e2neshts\u00e2 dit Arbinishii Sutsata &#8220;Armanjlji dit Albani&#8221; Prezidentu: Vangjel [&hellip;]\" \/>\n<meta property=\"og:url\" content=\"http:\/\/www.armanami.org\/blog\/sutsati\/\" \/>\n<meta property=\"og:site_name\" content=\"TRA ARMANAMI\" \/>\n<meta property=\"article:modified_time\" content=\"2013-08-18T18:44:07+00:00\" \/>\n<meta name=\"twitter:card\" content=\"summary_large_image\" \/>\n<meta name=\"twitter:label1\" content=\"Est. reading time\" \/>\n\t<meta name=\"twitter:data1\" content=\"2 minutes\" \/>\n<script type=\"application\/ld+json\" class=\"yoast-schema-graph\">{\"@context\":\"https:\/\/schema.org\",\"@graph\":[{\"@type\":\"WebPage\",\"@id\":\"http:\/\/www.armanami.org\/blog\/sutsati\/\",\"url\":\"http:\/\/www.armanami.org\/blog\/sutsati\/\",\"name\":\"Sutsati - TRA ARMANAMI\",\"isPartOf\":{\"@id\":\"http:\/\/www.armanami.org\/blog\/#website\"},\"datePublished\":\"2009-10-06T10:09:31+00:00\",\"dateModified\":\"2013-08-18T18:44:07+00:00\",\"breadcrumb\":{\"@id\":\"http:\/\/www.armanami.org\/blog\/sutsati\/#breadcrumb\"},\"inLanguage\":\"en-US\",\"potentialAction\":[{\"@type\":\"ReadAction\",\"target\":[\"http:\/\/www.armanami.org\/blog\/sutsati\/\"]}]},{\"@type\":\"BreadcrumbList\",\"@id\":\"http:\/\/www.armanami.org\/blog\/sutsati\/#breadcrumb\",\"itemListElement\":[{\"@type\":\"ListItem\",\"position\":1,\"name\":\"Home\",\"item\":\"http:\/\/www.armanami.org\/blog\/\"},{\"@type\":\"ListItem\",\"position\":2,\"name\":\"Sutsati\"}]},{\"@type\":\"WebSite\",\"@id\":\"http:\/\/www.armanami.org\/blog\/#website\",\"url\":\"http:\/\/www.armanami.org\/blog\/\",\"name\":\"TRA ARMANAMI\",\"description\":\"Habari di la armanj luati sh&#039;la armanj dati\",\"potentialAction\":[{\"@type\":\"SearchAction\",\"target\":{\"@type\":\"EntryPoint\",\"urlTemplate\":\"http:\/\/www.armanami.org\/blog\/?s={search_term_string}\"},\"query-input\":{\"@type\":\"PropertyValueSpecification\",\"valueRequired\":true,\"valueName\":\"search_term_string\"}}],\"inLanguage\":\"en-US\"}]}<\/script>\n<!-- \/ Yoast SEO plugin. -->","yoast_head_json":{"title":"Sutsati - TRA ARMANAMI","robots":{"index":"index","follow":"follow","max-snippet":"max-snippet:-1","max-image-preview":"max-image-preview:large","max-video-preview":"max-video-preview:-1"},"canonical":"http:\/\/www.armanami.org\/blog\/sutsati\/","og_locale":"en_US","og_type":"article","og_title":"Sutsati - TRA ARMANAMI","og_description":"Aflats aua una list\u00e2 a sutsatilor arm\u00e2neshts\u00e2 dit: Amer\u00e3chii Arbinishii Australii Fr\u00e2ntsii G\u00e2rtsii Gherm\u00e2nii Machidunii Rom\u00e2nii Vary\u00e2rii Sutsati arm\u00e2neshts\u00e2 dit Amer\u00e3chii Society Farsarotul Prezidentu: Andrea Colimitra Vice-prezidentu: Wiliam D. Balamaci Secretar: Nicholas S. Balamaci P.O. Box 753 Trumbull, CT 06611 USA Internet: Society Farsarotul Home Sutsati arm\u00e2neshts\u00e2 dit Arbinishii Sutsata &#8220;Armanjlji dit Albani&#8221; Prezidentu: Vangjel [&hellip;]","og_url":"http:\/\/www.armanami.org\/blog\/sutsati\/","og_site_name":"TRA ARMANAMI","article_modified_time":"2013-08-18T18:44:07+00:00","twitter_card":"summary_large_image","twitter_misc":{"Est. reading time":"2 minutes"},"schema":{"@context":"https:\/\/schema.org","@graph":[{"@type":"WebPage","@id":"http:\/\/www.armanami.org\/blog\/sutsati\/","url":"http:\/\/www.armanami.org\/blog\/sutsati\/","name":"Sutsati - TRA ARMANAMI","isPartOf":{"@id":"http:\/\/www.armanami.org\/blog\/#website"},"datePublished":"2009-10-06T10:09:31+00:00","dateModified":"2013-08-18T18:44:07+00:00","breadcrumb":{"@id":"http:\/\/www.armanami.org\/blog\/sutsati\/#breadcrumb"},"inLanguage":"en-US","potentialAction":[{"@type":"ReadAction","target":["http:\/\/www.armanami.org\/blog\/sutsati\/"]}]},{"@type":"BreadcrumbList","@id":"http:\/\/www.armanami.org\/blog\/sutsati\/#breadcrumb","itemListElement":[{"@type":"ListItem","position":1,"name":"Home","item":"http:\/\/www.armanami.org\/blog\/"},{"@type":"ListItem","position":2,"name":"Sutsati"}]},{"@type":"WebSite","@id":"http:\/\/www.armanami.org\/blog\/#website","url":"http:\/\/www.armanami.org\/blog\/","name":"TRA ARMANAMI","description":"Habari di la armanj luati sh&#039;la armanj dati","potentialAction":[{"@type":"SearchAction","target":{"@type":"EntryPoint","urlTemplate":"http:\/\/www.armanami.org\/blog\/?s={search_term_string}"},"query-input":{"@type":"PropertyValueSpecification","valueRequired":true,"valueName":"search_term_string"}}],"inLanguage":"en-US"}]}},"_links":{"self":[{"href":"http:\/\/www.armanami.org\/blog\/wp-json\/wp\/v2\/pages\/3","targetHints":{"allow":["GET"]}}],"collection":[{"href":"http:\/\/www.armanami.org\/blog\/wp-json\/wp\/v2\/pages"}],"about":[{"href":"http:\/\/www.armanami.org\/blog\/wp-json\/wp\/v2\/types\/page"}],"author":[{"embeddable":true,"href":"http:\/\/www.armanami.org\/blog\/wp-json\/wp\/v2\/users\/1"}],"replies":[{"embeddable":true,"href":"http:\/\/www.armanami.org\/blog\/wp-json\/wp\/v2\/comments?post=3"}],"version-history":[{"count":8,"href":"http:\/\/www.armanami.org\/blog\/wp-json\/wp\/v2\/pages\/3\/revisions"}],"predecessor-version":[{"id":252,"href":"http:\/\/www.armanami.org\/blog\/wp-json\/wp\/v2\/pages\/3\/revisions\/252"}],"wp:attachment":[{"href":"http:\/\/www.armanami.org\/blog\/wp-json\/wp\/v2\/media?parent=3"}],"curies":[{"name":"wp","href":"https:\/\/api.w.org\/{rel}","templated":true}]}}