{"id":115,"date":"2009-10-07T21:53:01","date_gmt":"2009-10-07T20:53:01","guid":{"rendered":"http:\/\/armanami.org\/blog\/?page_id=115"},"modified":"2009-10-07T21:53:01","modified_gmt":"2009-10-07T20:53:01","slug":"lectsia-15","status":"publish","type":"page","link":"http:\/\/www.armanami.org\/blog\/cultura-armanasca\/cursuri-ti-scriari\/lectsia-15\/","title":{"rendered":"LECTSIA 15"},"content":{"rendered":"<h2><span style=\"color: #666666; font-family: Verdana,Arial,Helvetica,sans-serif; font-size: 12px; font-weight: bold;\">LECTSIA 15 &#8211; SCRIAREA-A LITIRILOR T, TS, TH<\/span><\/h2>\n<p><span style=\"color: #666666; font-family: Verdana,Arial,Helvetica,sans-serif; font-size: 12px;\"><\/p>\n<p style=\"color: #666666; font-family: Verdana,Arial,Helvetica,sans-serif; font-size: 12px;\">(1) Dup\u00e3 ar\u00e3zga-a zborlui sh-dup\u00e3 cum lj-easti pronuntsarea tu grailu di-acas\u00e3 a omlui, litira simpl\u00e3 t poati s-aib\u00e3 dau\u00e3 sonuri (c\u00e3tiv\u00e3r\u00e3oar\u00e3 tu idyiul zbor):<span> <\/span><br \/>\n(i) poati s-aib\u00e3 sonlu-timelj, latinescul son t, ca tu zborlu ta-t\u00e3;<br \/>\n(ii) poati s-aib\u00e3 sonlu gr\u00e3tsescu theta (scriat shi th), ca tu zborlu ti-melj (tsi poati s-hib\u00e3 scriat shi thi-melj).<br \/>\n(2) Litira compus\u00e3 ts ari un son muljat ca tu zboar\u00e3li tsap, frats.<br \/>\n(3) Litira compus\u00e3 th ari mash sonlu gr\u00e3tsescu theta.<\/p>\n<p style=\"color: #666666; font-family: Verdana,Arial,Helvetica,sans-serif; font-size: 12px;\">Regul\u00e3: Litira simpl\u00e3 t (c\u00e3ndu nu ari dup\u00e3 ea litirli s shi h):<br \/>\n(i) poati s-aib\u00e3 sonlu-timelj, sonlu latinescu t ic\u00e3,<span> <\/span><br \/>\n(ii) tu ndau\u00e3 zboar\u00e3 di ar\u00e3zg\u00e3 gr\u00e3tseasc\u00e3 i arbinshasc\u00e3, poati s- aib\u00e3, dup\u00e3 cum easti grailu-a omlui, dau\u00e3li sonuri: ic\u00e3 sonlu ascur, latinescu t ic\u00e3 sonlu gr\u00e3tsescu theta.<\/p>\n<p style=\"color: #666666; font-family: Verdana,Arial,Helvetica,sans-serif; font-size: 12px;\">Regul\u00e3: Litira compus\u00e3 ts s-avdi cu un son muljat.<\/p>\n<p style=\"color: #666666; font-family: Verdana,Arial,Helvetica,sans-serif; font-size: 12px;\">Regul\u00e3: Litira compus\u00e3 th s-pronunts\u00e3 totna cu sonlu gr\u00e3tsescu theta.<br \/>\nExceptsii la aesti reguli va hib\u00e3 aspusi tu un dictsiunar niscriat ninga.<\/p>\n<p style=\"color: #666666; font-family: Verdana,Arial,Helvetica,sans-serif; font-size: 12px;\">Bun\u00e3oar\u00e3:<br \/>\n(1) Litira simpl\u00e3 t poati s-aib\u00e3 sonlu-timelj, ascur, latinescu, c\u00e3ndu nu-ari dup\u00e3 ea litirli s shi h. S\u00e3 scrii t shi s-pronunts\u00e3 totna cu sonlu latinescu t tu zboar\u00e3 ca: ta-t\u00e3, ta-v\u00e3, t\u00e3m-ba-ri, ten-t\u00e3, tif-te-ri, to-p\u00e3, to-ra, tras-tu, tri-folj, trup, tu-vl\u00e3, etc. Aesti zboar\u00e3 suntu tuti scriati tu dictsiunar, mash cu litira t.<span> <\/span><br \/>\nMa, tu ndau\u00e3 zboar\u00e3 di ar\u00e3zg\u00e3 gr\u00e3tseasc\u00e3 (nisc\u00e3ntiori arbinshasc\u00e3) tsi s-afl\u00e3 scriati cu t, ca: p\u00e3r-mit, tea-tru, ti-melj, tim-nja-m\u00e3, etc. va si s\u00e3 scrii t (nu th) shi va s-pronunts\u00e3 ic\u00e3<span> <\/span><br \/>\n(i) cu sonlu latinescu t, ic\u00e3<span> <\/span><br \/>\n(ii) cu sonlu gr\u00e3tsescu theta, dup\u00e3 cum easti grailu-a omlui.<span> <\/span><br \/>\nScriarea shi pronuntsarea-a zboar\u00e3lor, c\u00e3 s-avdu mash un\u00e3 soe, ic\u00e3 s-pronunts\u00e3 dau\u00e3 turlii, va hib\u00e3 aspus\u00e3 tu un dictsiunar niscriat ninga.<\/p>\n<p style=\"color: #666666; font-family: Verdana,Arial,Helvetica,sans-serif; font-size: 12px;\">(2) Avem dz\u00e3s\u00e3 (la lectsia-a litir\u00e3ljei s) c\u00e3 litira compus\u00e3 ts s-avdi ca tu zboar\u00e3li: bra-ts\u00e3, fa-tsi, frats, tsap, tsa-r\u00e3, tsi-ga-r\u00e3, tsin-tsi, t\u00e3-tsea-ri, etc.<span> <\/span><br \/>\nExceptsii, iu ts-lu va s-avd\u00e3 ca dau\u00e3 sonuri ahoryea, t-s, va s-hib\u00e3 la:<br \/>\n(i) ndau\u00e3 numi xeani ca, bun\u00e3oar\u00e3, numa Ghet-si-ma-ni, ic\u00e3<span> <\/span><br \/>\n(ii) zboar\u00e3 ca bi-ti-ses-cu, gi-ri-mi-ti-ses-cu, hi-ri-ti-ses-cu, mi-ri-mi-ti-ses-cu, nu-m\u00e3-ti-ses-cu cari, tu forma-a lui sincopat\u00e3 pot si s-avd\u00e3 ca bit-ses-cu, gi-ri-mit-ses-cu, hi-rit-ses-cu, mi-ri-mit-ses-cu, nu-m\u00e3t-ses-cu ic\u00e3 bi-tses-cu, gi-ri-mi-tses-cu, hi-ri-tses-cu, mi-ri-mi-tses-cu, nu-m\u00e3-tses-cu.<\/p>\n<p style=\"color: #666666; font-family: Verdana,Arial,Helvetica,sans-serif; font-size: 12px;\">(3) Litira compus\u00e3 th s-avdi totna ca sonlu gr\u00e3tsescu theta, cum avem, bun\u00e3oar\u00e3, tu zboar\u00e3li di ar\u00e3zg\u00e3 gr\u00e3tseasc\u00e3, p\u00e3r-mith, thea-tru, thi-melj, thim-nja-m\u00e3, etc.<br \/>\nB\u00e3gats oar\u00e3 c\u00e3 zboar\u00e3li di ma nsus, tsi noi li-avem \u00e3ngr\u00e3psit\u00e3 aoatsi cu litira compus\u00e3 th, suntu scriati ma multu cu litira simpl\u00e3 t. Dup\u00e3 cum va s-videm niheam\u00e3 ma nghios, scriarea cu th easti mash tr-atselj tsi vor s-aspun\u00e3 maxus c\u00e3 pronuntsarea-a zborlui s-fatsi cu sonlu gr\u00e3tsescu theta, nu cu sonlu latinescu t.<span> <\/span><br \/>\nAvem \u00e3ndau\u00e3 zboar\u00e3-exceptsii ca: a-lit-hea (a-lith-hea), bat-ha-v\u00e1, fit-hea-u\u00e3 shi pit-hi\u00fa (pith-hi\u00fa\/pif-chiu) iu th-lu s-pronunts\u00e3 ca dau\u00e3 sonuri ahoryea, t (th) shi h (nu ca sonlu gr\u00e3tsescu theta).<span> <\/span><br \/>\nTu scriarea-a litir\u00e3ljei simpl\u00e3 t (shi a litirilor compusi ts shi th), avem \u00e3ndau\u00e3 prublemi. Eali suntu aspusi tu regula di ma nghios.<\/p>\n<p style=\"color: #666666; font-family: Verdana,Arial,Helvetica,sans-serif; font-size: 12px;\">Regul\u00e3: (1) Zboar\u00e3li di-ar\u00e3zg\u00e3 gr\u00e3tseasc\u00e3 (sh-poati arbinshasc\u00e3) cari au sonlu theta tu zbor, lipsescu scriari cu t, nu cu th.<span> <\/span><br \/>\nAesti zboar\u00e3 va poat\u00e3 si s-pronunts\u00e3, dup\u00e3 cum va s-u va omlu, sh-cu sonlu latinescu t, sh-cu-atsel gr\u00e3tsescu theta. Tr-atselj tsi vor s-aspun\u00e3 maxus c\u00e3 zboar\u00e3li lipsescu si s-avd\u00e3 cu theta nu cu t, scriarea-a zboar\u00e3lor cu th easti aprucheat\u00e3 ca un\u00e3 variant\u00e3.<br \/>\n(2) Zboar\u00e3li internatsiunali tsi pot s-aib\u00e3 litira compus\u00e3 th (sh-cari tu ma multili limbi s-avdu cu sonlu latinescu t) lipsescu scriari tu limba-a noastr\u00e3 cu t, nu cu th.<br \/>\n(3) Ndau\u00e3 zboar\u00e3 tsi au sonlu theta, ma pot s-hib\u00e3 pronuntsati sh-cu sonurli latineshti f ic\u00e3 s, va si scrie cu t (tr\u00e3 sonlu theta), ic\u00e3 cu f, ic\u00e3 cu s, dup\u00e3 cum easti grailu a omlui.<br \/>\n(4) Zboar\u00e3li tsi pot s-hib\u00e3 pronuntsati shi scriati sh-cu nt shi cu nd lipsescu scriari ashi cum va s-hib\u00e3 aspus tu un dictsiunar niscriat ninga.<br \/>\nExceptsii la aesti reguli, va s-hib\u00e3 aspusi tut tu-aestu dictsiunar.<\/p>\n<p style=\"color: #666666; font-family: Verdana,Arial,Helvetica,sans-serif; font-size: 12px;\">(1) Zboar\u00e3li veclji di-ar\u00e3zg\u00e3 gr\u00e3tseasc\u00e3 (c\u00e3tiv\u00e3rn\u00e3oar\u00e3 shi arbinshasc\u00e3), tsi s-avdu sh-cu sonlu gr\u00e3tsescu theta (sh-di multi ori sh-cu sonlu latinescu t), lipsescu scriari cu t, ca: a-lat, a-lit-hea, a-na-ti-m\u00e3, ar-m\u00e3-tea-u\u00e3, a-ta-nat, ca-ti, cat-me-ri, ca-to-li-chi-i, ca-tor-to-si, c\u00e3-la-t\u00e3, cu-lim-bi-tr\u00e3, cu-m\u00e3-ti-ses-cu, e-lef-tir, gu-ma-ran-gat, i-po-ti-si, ma-ti-m\u00e3, mit-c\u00e3, nu-ti-os, p\u00e3r-ti-ri, p\u00e3r-mit, pit-hi\u00fa, psu-ti-e, spi-t\u00e3, stat-mo, tar, ta-m\u00e3, tea-mi-n\u00e3, te-m\u00e3, te-si, ti-lun-di, ti-melj, ti-mi-ri-d\u00e3, ti-mi-ses-cu, tim-nja-m\u00e3, ti-riu, tir-ma-ni, Tri-a-da, tris-cu, etc. Aesti zboar\u00e3 pot si s-pronunts\u00e3, dup\u00e3 cum easti grailu-a omlu, cu sonlu latinescu t sh-cu-atsel gr\u00e3tsescul theta.<span> <\/span><br \/>\nTr-atsel tsi va s-u spun\u00e3 maxus, c\u00e3 un zbor lipseashti pronuntsari cu sonlu gr\u00e3tsescu theta, zboar\u00e3li di ma nsus pot si s\u00e3 ngr\u00e3pseasc\u00e3 sh-cu th (theta) ca: a-lath, a-lith-hea, a-na-thi-m\u00e3, ar-m\u00e3-thea-u\u00e3, a-tha-nat, ca-thi, cath-me-ri, ca-tho-li-chi-i, ca-tor-tho-si, c\u00e3-la-th\u00e3, cu-lim-bi-thr\u00e3, cu-m\u00e3-thi-ses-cu, e-lef-thir, gu-ma-ran-gath, i-po-thi-si, ma-thi-m\u00e3, mith-c\u00e3, nu-thi-os, p\u00e3r-thi-ri, p\u00e3r-mith, pith-hi\u00fa, psu-thi-e, spi-th\u00e3, stath-mo, thar, tha-m\u00e3, thea-mi-n\u00e3, the-m\u00e3, the-si, thi-lun-di, thi-melj, thi-mi-ri-d\u00e3, thi-mi-ses-cu, thim-nja-m\u00e3, thi-riu, thir-ma-ni, Thri-a-da, thris-cu, etc.<br \/>\nAvem sh-alti zboar\u00e3 gr\u00e3tseshti, puts\u00e3n cunuscuti nafoar\u00e3 dit Gr\u00e3tsie, cari li-afl\u00e3m scriati ma multu cu th ca: a-cu-lu-thi-e, an-thi, ap-si-thi, a-the-r\u00e3, ca-thar-tic, ca-th\u00e3, c\u00e3-th\u00e3-r\u00e3-ses-cu, c\u00e3-thir, co-thr\u00e3, co-thur, cu-luc-th\u00e3, dih-t\u00e3-li-thr\u00e3, fus-c\u00e3-li-thr\u00e3, g\u00e3-va-th\u00e3, lo-go-thet, lo-thr\u00e3, lu-tsea-thr\u00e3, ma-la-thru, mbi-thar, min-dzi-thr\u00e3, path, pa-thi-m\u00e3, pi-tha-ri, pli-tha-ri, pli-thiz-mo, pro-thes-mi-e, prothim, psan-th\u00e3, psu-thi-mi, sc\u00e3n-d\u00e3-li-thr\u00e3, shclji-thru, si-ma-thi-ti, si-ni-thi-si, spa-th\u00e3, spa-thi, sp\u00e3-that, th\u00e3-l\u00e3n-dz\u00e3, th\u00e3-r\u00e3-pelj, thea-m\u00e3\/hea-m\u00e3, the-li-m\u00e3, Them, thi-li-chi, thi-mo, thi-ri-chi, Thi-ris-ti, thi-sa-vro, thol, thrap-su, u-o-thu-r\u00e3, ur-tha-nic-tu, vi-lu-ni-thr\u00e3, etc.<span> <\/span><br \/>\nAesti zboar\u00e3 lipsescu scriari, ca tuti alanti zboar\u00e3, cu t ca: a-cu-lu-ti-e, an-ti, ap-si-ti, a-te-r\u00e3, ca-tar-tic, ca-t\u00e3, c\u00e3-t\u00e3-r\u00e3-ses-cu, c\u00e3-tir, co-tr\u00e3, co-tur, cu-luc-t\u00e3, dih-t\u00e3-li-tr\u00e3, fus-c\u00e3-li-tr\u00e3, g\u00e3-va-t\u00e3, lo-go-tet, lo-tr\u00e3, lu-tsea-tr\u00e3, ma-la-tru, mbi-tar, min-dzi-tr\u00e3, pat, pa-ti-m\u00e3, pi-ta-ri, pli-ta-ri, pli-tiz-mo, pro-tes-mi-e, protim, psan-t\u00e3, psu-ti-mi, sc\u00e3n-d\u00e3-li-tr\u00e3, shclji-tru, si-ma-ti-ti, si-ni-ti-si, spa-t\u00e3, spa-ti, sp\u00e3-tat, t\u00e3-l\u00e3n-dz\u00e3, t\u00e3-r\u00e3-pelj, tea-m\u00e3\/hea-m\u00e3, te-li-m\u00e3, Tem, ti-li-chi, ti-mo, ti-ri-chi, Ti-ris-ti, ti-sa-vro, tol, trap-su, u-o-tu-r\u00e3, ur-ta-nic-tu, vi-lu-ni-tr\u00e3, etc.<\/p>\n<p style=\"color: #666666; font-family: Verdana,Arial,Helvetica,sans-serif; font-size: 12px;\">(2) Avem shi zboar\u00e3 internatsiunali tsi lipsescu totna scriari, tu limba-a noastr\u00e3, cu t (nu ca tu alti limbi iu putem s-li-afl\u00e3m scriati, di multi ori, sh-cu th), ca: a-teu, ca-te-dr\u00e3, chi-ta-r\u00e3, fi-lan-trop, mi-toa-d\u00e3, mi-tu-lu-yie, or-to-do-xu, tea-tru, te-o-log, te-o-ri-e, ter-mo-me-tru, tron, etc.<span> <\/span><br \/>\nAesti zboar\u00e3 nu lipsescu scriari ca: a-theu, ca-the-dr\u00e3, chi-tha-r\u00e3, fi-lan-throp, mi-thoa-d\u00e3, mi-thu-lu-yie, or-tho-do-xu, thea-tru, the-o-log, the-o-ri-e, ther-mo-me-tru, thron, etc.<\/p>\n<p style=\"color: #666666; font-family: Verdana,Arial,Helvetica,sans-serif; font-size: 12px;\">(3) Ndau\u00e3 zboar\u00e3 di ma nsus ca: ca-thi, pir-mith, pith-hi\u00fa, psu-thi-e, tha-m\u00e3, thea-mi-n\u00e3, thi-lun-di, thi-melj, thi-mi-ri-d\u00e3, thir-ma-ni, etc. pot ca s-hib\u00e3 pronuntsati, sh-cu sonurli latineshti f shi s. Aesti zboar\u00e3 va poat\u00e3 s-hib\u00e3 scriati sh-cu litirili f shi s ca: ca-fi, pir-mif\/pir-mis, pif-chiu, psi-fi-i\/psi-fi-e, sa-m\u00e3, fea-mi-n\u00e3, fi-lun-di, fi-melj, fi-mi-ri-d\u00e3, fir-ma-ni, etc.<\/p>\n<p style=\"color: #666666; font-family: Verdana,Arial,Helvetica,sans-serif; font-size: 12px;\">(4) Avem zbur\u00e3t\u00e3 (la litira d) di zboar\u00e3li tsi pot s-aib\u00e3 dau\u00e3 versiunj, c\u00e3 pot si s-pronunts\u00e3 sh-cu nt, sh-cu nd. Dup\u00e3 cum va hib\u00e3 aspusi tu un dictsiunar niscriat ninga, aesti zboar\u00e3 va si ngr\u00e3pseasc\u00e3 un\u00e3 turlie ic\u00e3 dau\u00e3li turlii. Ashi avem zboar\u00e3 tsi lipsescu scriari ca: ghi-gan-tu, in-da-ti, ma-ran-du, min-du-es-cu, mur-min-ti\/mur-min-tu, nvis-c\u00e3-min-tu, pun-ti, sin-ta-x\u00e3, sun-tu, etc.<span> <\/span><br \/>\nAesti zboar\u00e3 nu lipsescu v\u00e3rn\u00e3oar\u00e3 scriari ca: ghi-gan-du, in-ta-ti, ma-ran-tu\/ma-ran-thu, min-tu-es-cu, mur-min-di\/mur-min-du, nvis-c\u00e3-min-du, pun-di, sin-da-x\u00e3, sun-du, etc.<span> <\/span><br \/>\nPi di-alt\u00e3 parti, avem zboar\u00e3-exceptsii ca fan-taz-m\u00e3 cari pot si s-avd\u00e3 shi si scrii fan-daz-m\u00e3.<br \/>\nNot\u00e3 &#8211; B\u00e3gats oar\u00e3 c\u00e3 zboar\u00e3li tsi s-pronunts\u00e3 cu sonlu gr\u00e3tsescu theta nu sh-al\u00e3xescu noima c\u00e3ndu s-avdu cu sonlu latinescu t. Ma si s-afl\u00e3 aht\u00e3ri zboar\u00e3, tsi au un\u00e3 noim\u00e3 cu sonlu latinescu t shi alt\u00e3 noim\u00e3 cu sonlu gr\u00e3tsescu theta, noi nu putum s-li-afl\u00e3m ninga. Tr-atsea, scriarea-a zboar\u00e3lor cu t tu loc di th, nu adutsi v\u00e3rn\u00e3 prublem\u00e3, c\u00e3 zboar\u00e3li nu sh-al\u00e3xescu noima.<\/p>\n<hr size=\"1\" noshade=\"noshade\" \/>\n<p style=\"color: #666666; font-family: Verdana,Arial,Helvetica,sans-serif; font-size: 12px;\" align=\"left\"><strong>CURSU DI SCRIARI ARM\u00c3NEASC\u00c3<\/strong><br \/>\ndup\u00e3 Regulili Ast\u00e3siti la Simpozionlu di Standardizari a Scriariljei<br \/>\nArm\u00e3neasc\u00e3 di Bituli, Avgustu, 1997<\/p>\n<p style=\"color: #666666; font-family: Verdana,Arial,Helvetica,sans-serif; font-size: 12px;\" align=\"left\">anyrapsit di<strong><span> <\/span>TIBERIUS CUNIA<\/strong><\/p>\n<p><\/span><\/p>\n","protected":false},"excerpt":{"rendered":"<p>LECTSIA 15 &#8211; SCRIAREA-A LITIRILOR T, TS, TH (1) Dup\u00e3 ar\u00e3zga-a zborlui sh-dup\u00e3 cum lj-easti pronuntsarea tu grailu di-acas\u00e3 a omlui, litira simpl\u00e3 t poati s-aib\u00e3 dau\u00e3 sonuri (c\u00e3tiv\u00e3r\u00e3oar\u00e3 tu idyiul zbor): (i) poati s-aib\u00e3 sonlu-timelj, latinescul son t, ca tu zborlu ta-t\u00e3; (ii) poati s-aib\u00e3 sonlu gr\u00e3tsescu theta (scriat shi th), ca tu zborlu [&hellip;]<\/p>\n","protected":false},"author":1,"featured_media":0,"parent":14,"menu_order":12,"comment_status":"open","ping_status":"open","template":"","meta":{"_monsterinsights_skip_tracking":false,"_monsterinsights_sitenote_active":false,"_monsterinsights_sitenote_note":"","_monsterinsights_sitenote_category":0,"footnotes":""},"class_list":["post-115","page","type-page","status-publish","hentry"],"yoast_head":"<!-- This site is optimized with the Yoast SEO plugin v25.4 - https:\/\/yoast.com\/wordpress\/plugins\/seo\/ -->\n<title>LECTSIA 15 - TRA ARMANAMI<\/title>\n<meta name=\"robots\" content=\"index, follow, max-snippet:-1, max-image-preview:large, max-video-preview:-1\" \/>\n<link rel=\"canonical\" href=\"http:\/\/www.armanami.org\/blog\/cultura-armanasca\/cursuri-ti-scriari\/lectsia-15\/\" \/>\n<meta property=\"og:locale\" content=\"en_US\" \/>\n<meta property=\"og:type\" content=\"article\" \/>\n<meta property=\"og:title\" content=\"LECTSIA 15 - TRA ARMANAMI\" \/>\n<meta property=\"og:description\" content=\"LECTSIA 15 &#8211; SCRIAREA-A LITIRILOR T, TS, TH (1) Dup\u00e3 ar\u00e3zga-a zborlui sh-dup\u00e3 cum lj-easti pronuntsarea tu grailu di-acas\u00e3 a omlui, litira simpl\u00e3 t poati s-aib\u00e3 dau\u00e3 sonuri (c\u00e3tiv\u00e3r\u00e3oar\u00e3 tu idyiul zbor): (i) poati s-aib\u00e3 sonlu-timelj, latinescul son t, ca tu zborlu ta-t\u00e3; (ii) poati s-aib\u00e3 sonlu gr\u00e3tsescu theta (scriat shi th), ca tu zborlu [&hellip;]\" \/>\n<meta property=\"og:url\" content=\"http:\/\/www.armanami.org\/blog\/cultura-armanasca\/cursuri-ti-scriari\/lectsia-15\/\" \/>\n<meta property=\"og:site_name\" content=\"TRA ARMANAMI\" \/>\n<meta name=\"twitter:card\" content=\"summary_large_image\" \/>\n<meta name=\"twitter:label1\" content=\"Est. reading time\" \/>\n\t<meta name=\"twitter:data1\" content=\"7 minutes\" \/>\n<script type=\"application\/ld+json\" class=\"yoast-schema-graph\">{\"@context\":\"https:\/\/schema.org\",\"@graph\":[{\"@type\":\"WebPage\",\"@id\":\"http:\/\/www.armanami.org\/blog\/cultura-armanasca\/cursuri-ti-scriari\/lectsia-15\/\",\"url\":\"http:\/\/www.armanami.org\/blog\/cultura-armanasca\/cursuri-ti-scriari\/lectsia-15\/\",\"name\":\"LECTSIA 15 - TRA ARMANAMI\",\"isPartOf\":{\"@id\":\"http:\/\/www.armanami.org\/blog\/#website\"},\"datePublished\":\"2009-10-07T20:53:01+00:00\",\"breadcrumb\":{\"@id\":\"http:\/\/www.armanami.org\/blog\/cultura-armanasca\/cursuri-ti-scriari\/lectsia-15\/#breadcrumb\"},\"inLanguage\":\"en-US\",\"potentialAction\":[{\"@type\":\"ReadAction\",\"target\":[\"http:\/\/www.armanami.org\/blog\/cultura-armanasca\/cursuri-ti-scriari\/lectsia-15\/\"]}]},{\"@type\":\"BreadcrumbList\",\"@id\":\"http:\/\/www.armanami.org\/blog\/cultura-armanasca\/cursuri-ti-scriari\/lectsia-15\/#breadcrumb\",\"itemListElement\":[{\"@type\":\"ListItem\",\"position\":1,\"name\":\"Home\",\"item\":\"http:\/\/www.armanami.org\/blog\/\"},{\"@type\":\"ListItem\",\"position\":2,\"name\":\"Cultura armaneasca\",\"item\":\"http:\/\/www.armanami.org\/blog\/cultura-armanasca\/\"},{\"@type\":\"ListItem\",\"position\":3,\"name\":\"Cursuri ti scriari\",\"item\":\"http:\/\/www.armanami.org\/blog\/cultura-armanasca\/cursuri-ti-scriari\/\"},{\"@type\":\"ListItem\",\"position\":4,\"name\":\"LECTSIA 15\"}]},{\"@type\":\"WebSite\",\"@id\":\"http:\/\/www.armanami.org\/blog\/#website\",\"url\":\"http:\/\/www.armanami.org\/blog\/\",\"name\":\"TRA ARMANAMI\",\"description\":\"Habari di la armanj luati sh&#039;la armanj dati\",\"potentialAction\":[{\"@type\":\"SearchAction\",\"target\":{\"@type\":\"EntryPoint\",\"urlTemplate\":\"http:\/\/www.armanami.org\/blog\/?s={search_term_string}\"},\"query-input\":{\"@type\":\"PropertyValueSpecification\",\"valueRequired\":true,\"valueName\":\"search_term_string\"}}],\"inLanguage\":\"en-US\"}]}<\/script>\n<!-- \/ Yoast SEO plugin. -->","yoast_head_json":{"title":"LECTSIA 15 - TRA ARMANAMI","robots":{"index":"index","follow":"follow","max-snippet":"max-snippet:-1","max-image-preview":"max-image-preview:large","max-video-preview":"max-video-preview:-1"},"canonical":"http:\/\/www.armanami.org\/blog\/cultura-armanasca\/cursuri-ti-scriari\/lectsia-15\/","og_locale":"en_US","og_type":"article","og_title":"LECTSIA 15 - TRA ARMANAMI","og_description":"LECTSIA 15 &#8211; SCRIAREA-A LITIRILOR T, TS, TH (1) Dup\u00e3 ar\u00e3zga-a zborlui sh-dup\u00e3 cum lj-easti pronuntsarea tu grailu di-acas\u00e3 a omlui, litira simpl\u00e3 t poati s-aib\u00e3 dau\u00e3 sonuri (c\u00e3tiv\u00e3r\u00e3oar\u00e3 tu idyiul zbor): (i) poati s-aib\u00e3 sonlu-timelj, latinescul son t, ca tu zborlu ta-t\u00e3; (ii) poati s-aib\u00e3 sonlu gr\u00e3tsescu theta (scriat shi th), ca tu zborlu [&hellip;]","og_url":"http:\/\/www.armanami.org\/blog\/cultura-armanasca\/cursuri-ti-scriari\/lectsia-15\/","og_site_name":"TRA ARMANAMI","twitter_card":"summary_large_image","twitter_misc":{"Est. reading time":"7 minutes"},"schema":{"@context":"https:\/\/schema.org","@graph":[{"@type":"WebPage","@id":"http:\/\/www.armanami.org\/blog\/cultura-armanasca\/cursuri-ti-scriari\/lectsia-15\/","url":"http:\/\/www.armanami.org\/blog\/cultura-armanasca\/cursuri-ti-scriari\/lectsia-15\/","name":"LECTSIA 15 - TRA ARMANAMI","isPartOf":{"@id":"http:\/\/www.armanami.org\/blog\/#website"},"datePublished":"2009-10-07T20:53:01+00:00","breadcrumb":{"@id":"http:\/\/www.armanami.org\/blog\/cultura-armanasca\/cursuri-ti-scriari\/lectsia-15\/#breadcrumb"},"inLanguage":"en-US","potentialAction":[{"@type":"ReadAction","target":["http:\/\/www.armanami.org\/blog\/cultura-armanasca\/cursuri-ti-scriari\/lectsia-15\/"]}]},{"@type":"BreadcrumbList","@id":"http:\/\/www.armanami.org\/blog\/cultura-armanasca\/cursuri-ti-scriari\/lectsia-15\/#breadcrumb","itemListElement":[{"@type":"ListItem","position":1,"name":"Home","item":"http:\/\/www.armanami.org\/blog\/"},{"@type":"ListItem","position":2,"name":"Cultura armaneasca","item":"http:\/\/www.armanami.org\/blog\/cultura-armanasca\/"},{"@type":"ListItem","position":3,"name":"Cursuri ti scriari","item":"http:\/\/www.armanami.org\/blog\/cultura-armanasca\/cursuri-ti-scriari\/"},{"@type":"ListItem","position":4,"name":"LECTSIA 15"}]},{"@type":"WebSite","@id":"http:\/\/www.armanami.org\/blog\/#website","url":"http:\/\/www.armanami.org\/blog\/","name":"TRA ARMANAMI","description":"Habari di la armanj luati sh&#039;la armanj dati","potentialAction":[{"@type":"SearchAction","target":{"@type":"EntryPoint","urlTemplate":"http:\/\/www.armanami.org\/blog\/?s={search_term_string}"},"query-input":{"@type":"PropertyValueSpecification","valueRequired":true,"valueName":"search_term_string"}}],"inLanguage":"en-US"}]}},"_links":{"self":[{"href":"http:\/\/www.armanami.org\/blog\/wp-json\/wp\/v2\/pages\/115","targetHints":{"allow":["GET"]}}],"collection":[{"href":"http:\/\/www.armanami.org\/blog\/wp-json\/wp\/v2\/pages"}],"about":[{"href":"http:\/\/www.armanami.org\/blog\/wp-json\/wp\/v2\/types\/page"}],"author":[{"embeddable":true,"href":"http:\/\/www.armanami.org\/blog\/wp-json\/wp\/v2\/users\/1"}],"replies":[{"embeddable":true,"href":"http:\/\/www.armanami.org\/blog\/wp-json\/wp\/v2\/comments?post=115"}],"version-history":[{"count":1,"href":"http:\/\/www.armanami.org\/blog\/wp-json\/wp\/v2\/pages\/115\/revisions"}],"predecessor-version":[{"id":116,"href":"http:\/\/www.armanami.org\/blog\/wp-json\/wp\/v2\/pages\/115\/revisions\/116"}],"up":[{"embeddable":true,"href":"http:\/\/www.armanami.org\/blog\/wp-json\/wp\/v2\/pages\/14"}],"wp:attachment":[{"href":"http:\/\/www.armanami.org\/blog\/wp-json\/wp\/v2\/media?parent=115"}],"curies":[{"name":"wp","href":"https:\/\/api.w.org\/{rel}","templated":true}]}}